{"id":25,"date":"2023-04-19T11:12:19","date_gmt":"2023-04-19T11:12:19","guid":{"rendered":"https:\/\/nalcigroup.com\/ossan-ecza-deposu\/?page_id=25"},"modified":"2025-12-04T13:55:03","modified_gmt":"2025-12-04T13:55:03","slug":"iletisim","status":"publish","type":"page","link":"https:\/\/nalcigroup.com\/ossan-ecza-deposu\/iletisim\/","title":{"rendered":"\u0130LET\u0130\u015e\u0130M"},"content":{"rendered":"<p>\n<section class=\"section\" id=\"section-s89iuz0i\" >\n\t\t<div class=\"section__container mariselle-container\" >\n\t\t<div class=\"tile is-ancestor max-w-ancestor is-variable is-mobile\">\n    <div class=\"mariselle-column-container tile is-parent is-3 is-responsive\" id=\"column-o0jw9zcn\"  >\n\t\t<div class=\"mariselle-column-content tile is-child\" >\n\t\t\t<\/div>\n\t<\/div>\n<div class=\"mariselle-column-container tile is-parent is-6 is-responsive\" id=\"column-h79m7mlb\"  >\n\t\t<div class=\"mariselle-column-content tile is-child\" >\n\t\t<div id=\"text_block-wyf5r0cr\" >\n    <div class=\"text-block\" >\n\t        <\/div>\n<\/div>\t<\/div>\n\t<\/div>\n<div class=\"mariselle-column-container tile is-parent is-3 is-responsive\" id=\"column-82hjshuj\"  >\n\t\t<div class=\"mariselle-column-content tile is-child\" >\n\t\t\t<\/div>\n\t<\/div>\n<\/div>\n\n<div class=\"tile is-ancestor max-w-ancestor is-variable is-mobile\">\n    <div class=\"mariselle-column-container tile is-parent is-12 is-responsive\" id=\"column-g0t6wd0z\"  >\n\t\t<div class=\"mariselle-column-content tile is-child\" >\n\t\t<div id=\"text_block-wyf5r0cr\" >\n    <div class=\"text-block\" >\n\t        <\/div>\n<\/div>\t<\/div>\n\t<\/div>\n<\/div>\n\n\t<\/div>\n\t<!-- \/.container -->\n<\/section>\n\n\n<section class=\"section\" id=\"section-s89iuz0i\" >\n\t\t<div class=\"section__container mariselle-container\" >\n\t\t<div class=\"tile is-ancestor max-w-ancestor is-variable is-mobile\">\n    <div class=\"mariselle-column-container tile is-parent is-12 is-responsive\" id=\"column-rhu9kjg3\"  >\n\t\t<div class=\"mariselle-column-content tile is-child\" >\n\t\t<div id=\"title-qP8wlWo7\" >\n\t<div class=\"text-text-variable break-words mb-4 mt-0 text-4xl font-bold is-title-underline text-center\" >\n\t\t\t\t\t<span class=\"pb-1 relative border-b border-solid border-b-border-variable\" >\n                                <\/span>\n\t\t\t\t<\/div>\n<\/div>\n\t<\/div>\n\t<\/div>\n<\/div>\n\n<div class=\"tile is-ancestor max-w-ancestor is-variable is-mobile\">\n    <div class=\"mariselle-column-container tile is-parent is-3 is-responsive\" id=\"column-o0jw9zcn\"  >\n\t\t<div class=\"mariselle-column-content tile is-child\" >\n\t\t\t<\/div>\n\t<\/div>\n<div class=\"mariselle-column-container tile is-parent is-6 is-responsive\" id=\"column-h79m7mlb\"  >\n\t\t<div class=\"mariselle-column-content tile is-child\" >\n\t\t<div id=\"text_block-wyf5r0cr\" >\n    <div class=\"text-block\" >\n\t        <\/div>\n<\/div>\t<\/div>\n\t<\/div>\n<div class=\"mariselle-column-container tile is-parent is-3 is-responsive\" id=\"column-82hjshuj\"  >\n\t\t<div class=\"mariselle-column-content tile is-child\" >\n\t\t\t<\/div>\n\t<\/div>\n<\/div>\n\n\t<\/div>\n\t<!-- \/.container -->\n<\/section>\n\n\n<section class=\"section\" id=\"section-s89iuz0i\" >\n\t\t<div class=\"section__container mariselle-container\" >\n\t\t<div class=\"tile is-ancestor max-w-ancestor is-variable is-mobile\">\n    <div class=\"mariselle-column-container tile is-parent is-12 is-responsive\" id=\"column-rhu9kjg3\"  >\n\t\t<div class=\"mariselle-column-content tile is-child\" >\n\t\t<div id=\"title-qP8wlWo7\" >\n\t<div class=\"text-text-variable break-words mb-4 mt-0 text-4xl font-bold is-title-underline text-center\" >\n\t\t\t\t\t<span class=\"pb-1 relative border-b border-solid border-b-border-variable\" >\n                                <\/span>\n\t\t\t\t<\/div>\n<\/div>\n\t<\/div>\n\t<\/div>\n<\/div>\n\n<div class=\"tile is-ancestor max-w-ancestor is-variable is-mobile\">\n    <div class=\"mariselle-column-container tile is-parent is-12 is-responsive\" id=\"column-o0jw9zcn\"  >\n\t\t<div class=\"mariselle-column-content tile is-child\" >\n\t\t<div class=\"inline-flex transition-all ease-in-out duration-500 cursor-pointer text-text-variable hover:text-text-hover-variable bg-background-variable hover:bg-background-hover-variable p-2.5 text-center rounded-xl text-5xl\" id=\"button-BvDeq12N\" >\n    <a class=\"flex-1 text-text-variable hover:text-text-hover-variable\" href=\"https:\/\/www.facebook.com\/share\/16V2NYzKUv\/?mibextid=wwXIfr\" target=\"_blank\" >  <div class=\"flex-1\">\n                <i class=\"mariselle-icon-v2 fa fa-facebook-f \"><\/i>              <\/div>\n    <\/a><\/div>\n<div class=\"inline-flex transition-all ease-in-out duration-500 cursor-pointer text-text-variable hover:text-text-hover-variable bg-background-variable hover:bg-background-hover-variable p-2.5 text-center rounded-xl text-5xl\" id=\"button-DQ67QKyx\" >\n    <a class=\"flex-1 text-text-variable hover:text-text-hover-variable\" href=\"https:\/\/www.instagram.com\/sn_vet_group?igsh=emk4d3FianZvc3pt\" target=\"_blank\" >  <div class=\"flex-1\">\n                <i class=\"mariselle-icon-v2 fa fa-instagram \"><\/i>              <\/div>\n    <\/a><\/div>\n\t<\/div>\n\t<\/div>\n<\/div>\n\n\t<\/div>\n\t<!-- \/.container -->\n<\/section>\n\n<\/p>\n","protected":false},"excerpt":{"rendered":"","protected":false},"author":4,"featured_media":0,"parent":0,"menu_order":0,"comment_status":"closed","ping_status":"closed","template":"","meta":{"footnotes":""},"class_list":["post-25","page","type-page","status-publish","hentry"],"_links":{"self":[{"href":"https:\/\/nalcigroup.com\/ossan-ecza-deposu\/wp-json\/wp\/v2\/pages\/25","targetHints":{"allow":["GET"]}}],"collection":[{"href":"https:\/\/nalcigroup.com\/ossan-ecza-deposu\/wp-json\/wp\/v2\/pages"}],"about":[{"href":"https:\/\/nalcigroup.com\/ossan-ecza-deposu\/wp-json\/wp\/v2\/types\/page"}],"author":[{"embeddable":true,"href":"https:\/\/nalcigroup.com\/ossan-ecza-deposu\/wp-json\/wp\/v2\/users\/4"}],"replies":[{"embeddable":true,"href":"https:\/\/nalcigroup.com\/ossan-ecza-deposu\/wp-json\/wp\/v2\/comments?post=25"}],"version-history":[{"count":35,"href":"https:\/\/nalcigroup.com\/ossan-ecza-deposu\/wp-json\/wp\/v2\/pages\/25\/revisions"}],"predecessor-version":[{"id":1026,"href":"https:\/\/nalcigroup.com\/ossan-ecza-deposu\/wp-json\/wp\/v2\/pages\/25\/revisions\/1026"}],"wp:attachment":[{"href":"https:\/\/nalcigroup.com\/ossan-ecza-deposu\/wp-json\/wp\/v2\/media?parent=25"}],"curies":[{"name":"wp","href":"https:\/\/api.w.org\/{rel}","templated":true}]}}