{"id":41,"date":"2023-04-18T06:36:51","date_gmt":"2023-04-18T06:36:51","guid":{"rendered":"https:\/\/nalcigroup.com\/la-creme-cakes-by-bilge-nalci\/?page_id=41"},"modified":"2025-07-07T11:58:51","modified_gmt":"2025-07-07T11:58:51","slug":"iletisim","status":"publish","type":"page","link":"https:\/\/nalcigroup.com\/la-creme-cakes-by-bilge-nalci\/iletisim\/","title":{"rendered":"\u0130LET\u0130\u015e\u0130M"},"content":{"rendered":"<p>\n<section class=\"section\" id=\"section-megardiw\" >\n\t\t<div class=\"section__container mariselle-container\" >\n\t\t<div class=\"tile is-ancestor max-w-ancestor is-variable is-mobile\">\n    <div class=\"mariselle-column-container tile is-parent is-4 is-responsive\" id=\"column-gcxbcnao\"  >\n\t\t<div class=\"mariselle-column-content tile is-child\" >\n\t\t<div id=\"title-wcVDHXe7\" >\n\t<div class=\"text-text-variable break-words mb-4 mt-0 text-5xl font-semibold\" >\n\t\t\t\t\t<span class=\"pb-1 relative\" >\n                                <\/span>\n\t\t\t\t<\/div>\n<\/div>\n\t<\/div>\n\t<\/div>\n<div class=\"mariselle-column-container tile is-parent is-8 is-responsive\" id=\"column-2dtkgb9h\"  >\n\t\t<div class=\"mariselle-column-content tile is-child\" >\n\t\t<div id=\"title-IbbMAjIN\" >\n\t<div class=\"text-text-variable break-words mb-4 mt-0 text-3xl font-medium\" >\n\t\t\t\t\t<span class=\"pb-1 relative\" >\n            <i class=\"mariselle-icon-v2 linecons linecons-location \"><\/i>                    <\/span>\n\t\t\t\t<\/div>\n<\/div>\n<div id=\"text_block-CPrxKZch\" >\n    <div class=\"text-block\" >\n\t        <\/div>\n<\/div>\t<\/div>\n\t<\/div>\n<\/div>\n\n<div class=\"tile is-ancestor max-w-ancestor is-variable is-mobile\">\n    <div class=\"mariselle-column-container tile is-parent is-4 is-responsive\" id=\"column-mptas5do\"  >\n\t\t<div class=\"mariselle-column-content tile is-child\" >\n\t\t<div id=\"title-eLSVA47t\" >\n\t<div class=\"text-text-variable break-words mb-4 mt-0 text-5xl font-semibold\" >\n\t\t\t\t\t<span class=\"pb-1 relative\" >\n                                <\/span>\n\t\t\t\t<\/div>\n<\/div>\n\t<\/div>\n\t<\/div>\n<div class=\"mariselle-column-container tile is-parent is-8 is-responsive\" id=\"column-5e6ujtxk\"  >\n\t\t<div class=\"mariselle-column-content tile is-child\" >\n\t\t<div id=\"title-k6ZkSwdi\" >\n\t<div class=\"text-text-variable break-words mb-4 mt-0 text-2xl font-medium\" >\n\t\t\t\t\t<span class=\"pb-1 relative\" >\n            <i class=\"mariselle-icon-v2 fa fa-phone \"><\/i>                    <\/span>\n\t\t\t\t<\/div>\n<\/div>\n<div id=\"title-k6ZkSwdi\" >\n\t<div class=\"text-text-variable break-words mb-4 mt-0 text-2xl font-medium\" >\n\t\t\t\t\t<span class=\"pb-1 relative\" >\n            <i class=\"mariselle-icon-v2 fa fa-home \"><\/i>                    <\/span>\n\t\t\t\t<\/div>\n<\/div>\n\t<\/div>\n\t<\/div>\n<\/div>\n\n\t<\/div>\n\t<!-- \/.container -->\n<\/section>\n\n\n<section class=\"section\" id=\"section-b234zfhg\" >\n\t\t<div class=\"section__container mariselle-container\" >\n\t\t<div class=\"tile is-ancestor max-w-ancestor is-variable is-mobile\">\n    <div class=\"mariselle-column-container tile is-parent is-4 is-responsive\" id=\"column-99ymr5au\"  >\n\t\t<div class=\"mariselle-column-content tile is-child\" >\n\t\t<div id=\"title-EOtbmAOL\" >\n\t<div class=\"text-text-variable break-words mb-4 mt-0 text-5xl font-semibold\" >\n\t\t\t\t\t<span class=\"pb-1 relative\" >\n                                <\/span>\n\t\t\t\t<\/div>\n<\/div>\n\t<\/div>\n\t<\/div>\n<div class=\"mariselle-column-container tile is-parent is-8 is-responsive\" id=\"column-7osz4bl5\"  >\n\t\t<div class=\"mariselle-column-content tile is-child\" >\n\t\t\t<ul class=\"list is-unstyled is-horizontal icon-list\" aria-hidden=\"true\" \t>\n\t\t\t\t\t<li class=\"icon-list__item\" >\n\t\t\t\t<div class=\"mariselle-icon-box is-icon-left\" style=\"--color-icon: #ffffff;\" id=\"mariselle_icon_box-07wd1gbn\"  >\n    <div class=\"mariselle-icon-box__head\"\n    >\n        <a class=\"mariselle-icon-box__anchor\" href=\"https:\/\/www.facebook.com\/bilgenalci.cakeshop\" target=\"_blank\" >        <span class=\"mariselle-icon-box__icon text-5xl is-icon-circle-filled\" style=\"--color-background-icon: #ff266a;\" >\n                                                                                        <i class=\"mariselle-icon-v2 fa fa-facebook-square \"><\/i>                                        <\/span>\n        <\/a>\n    <\/div>\n    <\/div>\n\t\t\t<\/li>\n\t\t\t\t\t<li class=\"icon-list__item\" >\n\t\t\t\t<div class=\"mariselle-icon-box is-icon-left\" style=\"--color-icon: #ffffff;\" id=\"mariselle_icon_box-07wd1gbn\"  >\n    <div class=\"mariselle-icon-box__head\"\n    >\n        <a class=\"mariselle-icon-box__anchor\" href=\"https:\/\/instagram.com\/lacremecakes.bilgenalci?igshid=MmU2YjMzNjRlOQ==\" target=\"_blank\" >        <span class=\"mariselle-icon-box__icon text-5xl is-icon-circle-filled\" style=\"--color-background-icon: #ff266a;\" >\n                                                                                        <i class=\"mariselle-icon-v2 fa fa-instagram \"><\/i>                                        <\/span>\n        <\/a>\n    <\/div>\n    <\/div>\n\t\t\t<\/li>\n\t\t\t<\/ul>\n\t<\/div>\n\t<\/div>\n<\/div>\n\n\t<\/div>\n\t<!-- \/.container -->\n<\/section>\n\n<\/p>\n","protected":false},"excerpt":{"rendered":"","protected":false},"author":3,"featured_media":0,"parent":0,"menu_order":0,"comment_status":"closed","ping_status":"closed","template":"","meta":{"footnotes":""},"class_list":["post-41","page","type-page","status-publish","hentry"],"_links":{"self":[{"href":"https:\/\/nalcigroup.com\/la-creme-cakes-by-bilge-nalci\/wp-json\/wp\/v2\/pages\/41","targetHints":{"allow":["GET"]}}],"collection":[{"href":"https:\/\/nalcigroup.com\/la-creme-cakes-by-bilge-nalci\/wp-json\/wp\/v2\/pages"}],"about":[{"href":"https:\/\/nalcigroup.com\/la-creme-cakes-by-bilge-nalci\/wp-json\/wp\/v2\/types\/page"}],"author":[{"embeddable":true,"href":"https:\/\/nalcigroup.com\/la-creme-cakes-by-bilge-nalci\/wp-json\/wp\/v2\/users\/3"}],"replies":[{"embeddable":true,"href":"https:\/\/nalcigroup.com\/la-creme-cakes-by-bilge-nalci\/wp-json\/wp\/v2\/comments?post=41"}],"version-history":[{"count":20,"href":"https:\/\/nalcigroup.com\/la-creme-cakes-by-bilge-nalci\/wp-json\/wp\/v2\/pages\/41\/revisions"}],"predecessor-version":[{"id":1471,"href":"https:\/\/nalcigroup.com\/la-creme-cakes-by-bilge-nalci\/wp-json\/wp\/v2\/pages\/41\/revisions\/1471"}],"wp:attachment":[{"href":"https:\/\/nalcigroup.com\/la-creme-cakes-by-bilge-nalci\/wp-json\/wp\/v2\/media?parent=41"}],"curies":[{"name":"wp","href":"https:\/\/api.w.org\/{rel}","templated":true}]}}