{"id":376,"date":"2023-04-25T12:57:54","date_gmt":"2023-04-25T12:57:54","guid":{"rendered":"https:\/\/nalcigroup.com\/la-creme-cakes-by-bilge-nalci\/?page_id=376"},"modified":"2023-07-21T12:43:15","modified_gmt":"2023-07-21T12:43:15","slug":"cupcake","status":"publish","type":"page","link":"https:\/\/nalcigroup.com\/la-creme-cakes-by-bilge-nalci\/urunler\/minik-lezzetler\/cupcake\/","title":{"rendered":"CUPCAKE"},"content":{"rendered":"<p>\n<section class=\"section\" id=\"section-zr4d486s\" >\n\t\t<div class=\"section__container mariselle-container\" >\n\t\t<div class=\"tile is-ancestor max-w-ancestor is-variable is-mobile\">\n    <div class=\"mariselle-column-container tile is-parent is-12 is-responsive\" id=\"column-dfe8o217\"  >\n\t\t<div class=\"mariselle-column-content tile is-child\" >\n\t\t<div style=\"--grid-column: 4;\" class=\"mariselle-source mariselle-popup-gallery is-grid\" id=\"source-7Ufb31DA\" >\n    \n<div class=\"is-full-height\" >\n                    <div class=\"mariselle-source__list is-item_3 is-full-height\">\n            <a style=\"--color-custom-text: #ffffff;--color-custom-text-hover: #ffffff;--color-title-text-current: #ffffff;--color-title-background-current: #0a0a0a;--color-custom-background: #917b49;--color-custom-background-hover: #ff266a;--color-border: #e5e5e5;\" class=\"is-custom-colors mariselle-source__list-item\" href=\"https:\/\/nalcigroup.com\/la-creme-cakes-by-bilge-nalci\/urunler\/minik-lezzetler\/kurabiye-bastis\/\" >\n    KURAB\u0130YE-BAST\u0130\u015e<\/a>\n        <\/div>\n        <!-- \/.source is-list-item-2 -->\n    <\/div>\n\n<div class=\"is-full-height\" >\n                    <div class=\"mariselle-source__list is-item_3 is-full-height\">\n            <a style=\"--color-custom-text: #ffffff;--color-custom-text-hover: #ffffff;--color-title-text-current: #ffffff;--color-title-background-current: #0a0a0a;--color-custom-background: #917b49;--color-custom-background-hover: #ff266a;--color-border: #e5e5e5;\" class=\"is-custom-colors mariselle-source__list-item is-current\" href=\"https:\/\/nalcigroup.com\/la-creme-cakes-by-bilge-nalci\/urunler\/minik-lezzetler\/cupcake\/\" >\n    CUPCAKE<\/a>\n        <\/div>\n        <!-- \/.source is-list-item-2 -->\n    <\/div>\n<\/div>\n<!--\/. mariselle-source..mariselle-popup-gallery.is-grid -->\n\t<\/div>\n\t<\/div>\n<\/div>\n\n\t<\/div>\n\t<!-- \/.container -->\n<\/section>\n\n\n<section class=\"section is-hidden-small-desktop is-hidden-desktop is-hidden-desktop-large\" id=\"section-5j8977h1\" >\n\t\t<div class=\"section__container\" >\n\t\t<div class=\"tile is-ancestor max-w-ancestor is-variable is-mobile\">\n    <div class=\"mariselle-column-container tile is-parent is-12 is-responsive\" id=\"column-zl0fv2i9\"  >\n\t\t<div class=\"mariselle-column-content tile is-child\" >\n\t\t<div id=\"title-Xf9J5Ny5\" >\n\t<div class=\"text-text-variable break-words mb-4 mt-0 text-2xl font-bold text-center\" >\n\t\t\t\t\t<span class=\"pb-1 relative\" >\n                                <\/span>\n\t\t\t\t<\/div>\n<\/div>\n\t<\/div>\n\t<\/div>\n<\/div>\n\n\t<\/div>\n\t<!-- \/.container -->\n<\/section>\n\n\n<section class=\"section\" id=\"section-79z5xpdg\" >\n\t\t<div class=\"section__container mariselle-container\" >\n\t\t<div class=\"tile is-ancestor max-w-ancestor is-variable is-mobile\">\n    <div class=\"mariselle-column-container tile is-parent is-12 is-responsive\" id=\"column-y9l4b3cf\"  >\n\t\t<div class=\"mariselle-column-content tile is-child\" >\n\t\t<div id=\"text_block-GjKqTdiR\" >\n    <div class=\"text-block\" >\n\t        <\/div>\n<\/div>\t<\/div>\n\t<\/div>\n<\/div>\n\n\t<\/div>\n\t<!-- \/.container -->\n<\/section>\n\n<\/p>\n","protected":false},"excerpt":{"rendered":"<p>KURAB\u0130YE-BAST\u0130\u015e CUPCAKE<\/p>\n","protected":false},"author":3,"featured_media":0,"parent":675,"menu_order":0,"comment_status":"closed","ping_status":"closed","template":"","meta":{"footnotes":""},"class_list":["post-376","page","type-page","status-publish","hentry"],"_links":{"self":[{"href":"https:\/\/nalcigroup.com\/la-creme-cakes-by-bilge-nalci\/wp-json\/wp\/v2\/pages\/376","targetHints":{"allow":["GET"]}}],"collection":[{"href":"https:\/\/nalcigroup.com\/la-creme-cakes-by-bilge-nalci\/wp-json\/wp\/v2\/pages"}],"about":[{"href":"https:\/\/nalcigroup.com\/la-creme-cakes-by-bilge-nalci\/wp-json\/wp\/v2\/types\/page"}],"author":[{"embeddable":true,"href":"https:\/\/nalcigroup.com\/la-creme-cakes-by-bilge-nalci\/wp-json\/wp\/v2\/users\/3"}],"replies":[{"embeddable":true,"href":"https:\/\/nalcigroup.com\/la-creme-cakes-by-bilge-nalci\/wp-json\/wp\/v2\/comments?post=376"}],"version-history":[{"count":19,"href":"https:\/\/nalcigroup.com\/la-creme-cakes-by-bilge-nalci\/wp-json\/wp\/v2\/pages\/376\/revisions"}],"predecessor-version":[{"id":1340,"href":"https:\/\/nalcigroup.com\/la-creme-cakes-by-bilge-nalci\/wp-json\/wp\/v2\/pages\/376\/revisions\/1340"}],"up":[{"embeddable":true,"href":"https:\/\/nalcigroup.com\/la-creme-cakes-by-bilge-nalci\/wp-json\/wp\/v2\/pages\/675"}],"wp:attachment":[{"href":"https:\/\/nalcigroup.com\/la-creme-cakes-by-bilge-nalci\/wp-json\/wp\/v2\/media?parent=376"}],"curies":[{"name":"wp","href":"https:\/\/api.w.org\/{rel}","templated":true}]}}