{"id":35,"date":"2023-04-18T06:35:39","date_gmt":"2023-04-18T06:35:39","guid":{"rendered":"https:\/\/nalcigroup.com\/la-creme-cakes-by-bilge-nalci\/?page_id=35"},"modified":"2023-05-09T13:10:17","modified_gmt":"2023-05-09T13:10:17","slug":"urunler","status":"publish","type":"page","link":"https:\/\/nalcigroup.com\/la-creme-cakes-by-bilge-nalci\/urunler\/","title":{"rendered":"\u00dcR\u00dcNLER"},"content":{"rendered":"<p>\n<section class=\"section\" id=\"section-zr4d486s\" >\n\t\t<div class=\"section__container mariselle-container\" >\n\t\t<div class=\"tile is-ancestor max-w-ancestor is-variable is-mobile\">\n    <div class=\"mariselle-column-container tile is-parent is-12 is-responsive\" id=\"column-dfe8o217\"  >\n\t\t<div class=\"mariselle-column-content tile is-child\" >\n\t\t<div style=\"--grid-column: 6;\" class=\"mariselle-source mariselle-popup-gallery is-grid\" id=\"source-7Ufb31DA\" >\n    \n<div class=\"is-full-height\" >\n                    <div class=\"mariselle-source__list is-item_3 is-full-height\">\n            <a style=\"--color-custom-text: #ffffff;--color-custom-text-hover: #ffffff;--color-title-text-current: #ffffff;--color-title-background-current: #0a0a0a;--color-custom-background: #917b49;--color-custom-background-hover: #ff266a;--color-border: #e5e5e5;\" class=\"is-custom-colors mariselle-source__list-item\" href=\"https:\/\/nalcigroup.com\/la-creme-cakes-by-bilge-nalci\/urunler\/dugun-ve-etkinlik\/\" >\n    D\u00fc\u011f\u00fcn ve Etkinlik<\/a>\n        <\/div>\n        <!-- \/.source is-list-item-2 -->\n    <\/div>\n\n<div class=\"is-full-height\" >\n                    <div class=\"mariselle-source__list is-item_3 is-full-height\">\n            <a style=\"--color-custom-text: #ffffff;--color-custom-text-hover: #ffffff;--color-title-text-current: #ffffff;--color-title-background-current: #0a0a0a;--color-custom-background: #917b49;--color-custom-background-hover: #ff266a;--color-border: #e5e5e5;\" class=\"is-custom-colors mariselle-source__list-item\" href=\"https:\/\/nalcigroup.com\/la-creme-cakes-by-bilge-nalci\/urunler\/minik-lezzetler\/\" >\n    M\u0130N\u0130K LEZZETLER<\/a>\n        <\/div>\n        <!-- \/.source is-list-item-2 -->\n    <\/div>\n\n<div class=\"is-full-height\" >\n                    <div class=\"mariselle-source__list is-item_3 is-full-height\">\n            <a style=\"--color-custom-text: #ffffff;--color-custom-text-hover: #ffffff;--color-title-text-current: #ffffff;--color-title-background-current: #0a0a0a;--color-custom-background: #917b49;--color-custom-background-hover: #ff266a;--color-border: #e5e5e5;\" class=\"is-custom-colors mariselle-source__list-item is-current\" href=\"https:\/\/nalcigroup.com\/la-creme-cakes-by-bilge-nalci\/urunler\/dogum-gunu\/\" >\n    DO\u011eUM G\u00dcN\u00dc<\/a>\n        <\/div>\n        <!-- \/.source is-list-item-2 -->\n    <\/div>\n<\/div>\n<!--\/. mariselle-source..mariselle-popup-gallery.is-grid -->\n\t<\/div>\n\t<\/div>\n<\/div>\n\n\t<\/div>\n\t<!-- \/.container -->\n<\/section>\n\n\n<section class=\"section is-hidden-small-desktop is-hidden-desktop is-hidden-desktop-large\" id=\"section-5j8977h1\" >\n\t\t<div class=\"section__container\" >\n\t\t<div class=\"tile is-ancestor max-w-ancestor is-variable is-mobile\">\n    <div class=\"mariselle-column-container tile is-parent is-12 is-responsive\" id=\"column-zl0fv2i9\"  >\n\t\t<div class=\"mariselle-column-content tile is-child\" >\n\t\t<div id=\"title-Xf9J5Ny5\" >\n\t<div class=\"text-text-variable break-words mb-4 mt-0 text-2xl font-bold text-center\" >\n\t\t\t\t\t<span class=\"pb-1 relative\" >\n                                <\/span>\n\t\t\t\t<\/div>\n<\/div>\n\t<\/div>\n\t<\/div>\n<\/div>\n\n\t<\/div>\n\t<!-- \/.container -->\n<\/section>\n\n\n<section class=\"section\" id=\"section-79z5xpdg\" >\n\t\t<div class=\"section__container mariselle-container\" >\n\t\t<div class=\"tile is-ancestor max-w-ancestor is-variable is-mobile\">\n    <div class=\"mariselle-column-container tile is-parent is-3 is-responsive\" style=\"--column-mobile-small: 2;--column-order-mobile-small: 40;--column-mobile: 2;--column-order-mobile: 40;--column-mobile-large: 2;--column-order-mobile-large: 40;--column-tablet: 3;\" id=\"column-c35uhnkf\"  >\n\t\t<div class=\"mariselle-column-content tile is-child\" >\n\t\t<img data-src=\"https:\/\/nalcigroup.com\/la-creme-cakes-by-bilge-nalci\/wp-content\/uploads\/2023\/04\/18\/pasta-200x250.png\" data-srcset=\"https:\/\/nalcigroup.com\/la-creme-cakes-by-bilge-nalci\/wp-content\/uploads\/2023\/04\/18\/pasta.png?ver=366987cf9e5d4726d708ac47309ba290 512w, https:\/\/nalcigroup.com\/la-creme-cakes-by-bilge-nalci\/wp-content\/uploads\/2023\/04\/18\/pasta-297x300.png?ver=00455c50984eae8fd934b9ace51f10cb 297w\" sizes=\"(max-width: 200px) 100vw, 200px\" class=\"lazy-image\" width=\"200\" height=\"250\" \/>\t<\/div>\n\t<\/div>\n<div class=\"mariselle-column-container tile is-parent is-3 is-responsive\" style=\"--column-mobile-small: 2;--column-mobile: 2;--column-mobile-large: 2;--column-tablet: 3;\" id=\"column-4ecdlgrt\"  >\n\t\t<div class=\"mariselle-column-content tile is-child\" >\n\t\t<img data-src=\"https:\/\/nalcigroup.com\/la-creme-cakes-by-bilge-nalci\/wp-content\/uploads\/2023\/04\/18\/pasta-200x250.png\" data-srcset=\"https:\/\/nalcigroup.com\/la-creme-cakes-by-bilge-nalci\/wp-content\/uploads\/2023\/04\/18\/pasta.png?ver=366987cf9e5d4726d708ac47309ba290 512w, https:\/\/nalcigroup.com\/la-creme-cakes-by-bilge-nalci\/wp-content\/uploads\/2023\/04\/18\/pasta-297x300.png?ver=00455c50984eae8fd934b9ace51f10cb 297w\" sizes=\"(max-width: 200px) 100vw, 200px\" class=\"lazy-image\" width=\"200\" height=\"250\" \/>\t<\/div>\n\t<\/div>\n<div class=\"mariselle-column-container tile is-parent is-3 is-responsive\" style=\"--column-mobile-small: 2;--column-mobile: 2;--column-mobile-large: 2;--column-tablet: 3;\" id=\"column-4ecdlgrt\"  >\n\t\t<div class=\"mariselle-column-content tile is-child\" >\n\t\t<img data-src=\"https:\/\/nalcigroup.com\/la-creme-cakes-by-bilge-nalci\/wp-content\/uploads\/2023\/04\/18\/pasta-200x250.png\" data-srcset=\"https:\/\/nalcigroup.com\/la-creme-cakes-by-bilge-nalci\/wp-content\/uploads\/2023\/04\/18\/pasta.png?ver=366987cf9e5d4726d708ac47309ba290 512w, https:\/\/nalcigroup.com\/la-creme-cakes-by-bilge-nalci\/wp-content\/uploads\/2023\/04\/18\/pasta-297x300.png?ver=00455c50984eae8fd934b9ace51f10cb 297w\" sizes=\"(max-width: 200px) 100vw, 200px\" class=\"lazy-image\" width=\"200\" height=\"250\" \/>\t<\/div>\n\t<\/div>\n<div class=\"mariselle-column-container tile is-parent is-3 is-responsive\" style=\"--column-mobile-small: 2;--column-mobile: 2;--column-mobile-large: 2;--column-tablet: 3;\" id=\"column-4ecdlgrt\"  >\n\t\t<div class=\"mariselle-column-content tile is-child\" >\n\t\t<img data-src=\"https:\/\/nalcigroup.com\/la-creme-cakes-by-bilge-nalci\/wp-content\/uploads\/2023\/04\/18\/pasta-200x250.png\" data-srcset=\"https:\/\/nalcigroup.com\/la-creme-cakes-by-bilge-nalci\/wp-content\/uploads\/2023\/04\/18\/pasta.png?ver=366987cf9e5d4726d708ac47309ba290 512w, https:\/\/nalcigroup.com\/la-creme-cakes-by-bilge-nalci\/wp-content\/uploads\/2023\/04\/18\/pasta-297x300.png?ver=00455c50984eae8fd934b9ace51f10cb 297w\" sizes=\"(max-width: 200px) 100vw, 200px\" class=\"lazy-image\" width=\"200\" height=\"250\" \/>\t<\/div>\n\t<\/div>\n<\/div>\n\n<div class=\"tile is-ancestor max-w-ancestor is-variable is-mobile\">\n    <div class=\"mariselle-column-container tile is-parent is-3 is-responsive\" style=\"--column-mobile-small: 2;--column-mobile: 2;--column-mobile-large: 2;--column-tablet: 3;\" id=\"column-4ecdlgrt\"  >\n\t\t<div class=\"mariselle-column-content tile is-child\" >\n\t\t<img data-src=\"https:\/\/nalcigroup.com\/la-creme-cakes-by-bilge-nalci\/wp-content\/uploads\/2023\/04\/18\/pasta-200x250.png\" data-srcset=\"https:\/\/nalcigroup.com\/la-creme-cakes-by-bilge-nalci\/wp-content\/uploads\/2023\/04\/18\/pasta.png?ver=366987cf9e5d4726d708ac47309ba290 512w, https:\/\/nalcigroup.com\/la-creme-cakes-by-bilge-nalci\/wp-content\/uploads\/2023\/04\/18\/pasta-297x300.png?ver=00455c50984eae8fd934b9ace51f10cb 297w\" sizes=\"(max-width: 200px) 100vw, 200px\" class=\"lazy-image\" width=\"200\" height=\"250\" \/>\t<\/div>\n\t<\/div>\n<div class=\"mariselle-column-container tile is-parent is-3 is-responsive\" style=\"--column-mobile-small: 2;--column-mobile: 2;--column-mobile-large: 2;--column-tablet: 3;\" id=\"column-4ecdlgrt\"  >\n\t\t<div class=\"mariselle-column-content tile is-child\" >\n\t\t<img data-src=\"https:\/\/nalcigroup.com\/la-creme-cakes-by-bilge-nalci\/wp-content\/uploads\/2023\/04\/18\/pasta-200x250.png\" data-srcset=\"https:\/\/nalcigroup.com\/la-creme-cakes-by-bilge-nalci\/wp-content\/uploads\/2023\/04\/18\/pasta.png?ver=366987cf9e5d4726d708ac47309ba290 512w, https:\/\/nalcigroup.com\/la-creme-cakes-by-bilge-nalci\/wp-content\/uploads\/2023\/04\/18\/pasta-297x300.png?ver=00455c50984eae8fd934b9ace51f10cb 297w\" sizes=\"(max-width: 200px) 100vw, 200px\" class=\"lazy-image\" width=\"200\" height=\"250\" \/>\t<\/div>\n\t<\/div>\n<div class=\"mariselle-column-container tile is-parent is-3 is-responsive\" style=\"--column-mobile-small: 2;--column-mobile: 2;--column-mobile-large: 2;--column-tablet: 3;\" id=\"column-4ecdlgrt\"  >\n\t\t<div class=\"mariselle-column-content tile is-child\" >\n\t\t<img data-src=\"https:\/\/nalcigroup.com\/la-creme-cakes-by-bilge-nalci\/wp-content\/uploads\/2023\/04\/18\/pasta-200x250.png\" data-srcset=\"https:\/\/nalcigroup.com\/la-creme-cakes-by-bilge-nalci\/wp-content\/uploads\/2023\/04\/18\/pasta.png?ver=366987cf9e5d4726d708ac47309ba290 512w, https:\/\/nalcigroup.com\/la-creme-cakes-by-bilge-nalci\/wp-content\/uploads\/2023\/04\/18\/pasta-297x300.png?ver=00455c50984eae8fd934b9ace51f10cb 297w\" sizes=\"(max-width: 200px) 100vw, 200px\" class=\"lazy-image\" width=\"200\" height=\"250\" \/>\t<\/div>\n\t<\/div>\n<div class=\"mariselle-column-container tile is-parent is-3 is-responsive\" style=\"--column-mobile-small: 2;--column-mobile: 2;--column-mobile-large: 2;--column-tablet: 3;\" id=\"column-4ecdlgrt\"  >\n\t\t<div class=\"mariselle-column-content tile is-child\" >\n\t\t<img data-src=\"https:\/\/nalcigroup.com\/la-creme-cakes-by-bilge-nalci\/wp-content\/uploads\/2023\/04\/18\/pasta-200x250.png\" data-srcset=\"https:\/\/nalcigroup.com\/la-creme-cakes-by-bilge-nalci\/wp-content\/uploads\/2023\/04\/18\/pasta.png?ver=366987cf9e5d4726d708ac47309ba290 512w, https:\/\/nalcigroup.com\/la-creme-cakes-by-bilge-nalci\/wp-content\/uploads\/2023\/04\/18\/pasta-297x300.png?ver=00455c50984eae8fd934b9ace51f10cb 297w\" sizes=\"(max-width: 200px) 100vw, 200px\" class=\"lazy-image\" width=\"200\" height=\"250\" \/>\t<\/div>\n\t<\/div>\n<\/div>\n\n<div class=\"tile is-ancestor max-w-ancestor is-variable is-mobile\">\n    <div class=\"mariselle-column-container tile is-parent is-3 is-responsive\" style=\"--column-mobile-small: 2;--column-mobile: 2;--column-mobile-large: 2;--column-tablet: 3;\" id=\"column-4ecdlgrt\"  >\n\t\t<div class=\"mariselle-column-content tile is-child\" >\n\t\t<img data-src=\"https:\/\/nalcigroup.com\/la-creme-cakes-by-bilge-nalci\/wp-content\/uploads\/2023\/04\/18\/pasta-200x250.png\" data-srcset=\"https:\/\/nalcigroup.com\/la-creme-cakes-by-bilge-nalci\/wp-content\/uploads\/2023\/04\/18\/pasta.png?ver=366987cf9e5d4726d708ac47309ba290 512w, https:\/\/nalcigroup.com\/la-creme-cakes-by-bilge-nalci\/wp-content\/uploads\/2023\/04\/18\/pasta-297x300.png?ver=00455c50984eae8fd934b9ace51f10cb 297w\" sizes=\"(max-width: 200px) 100vw, 200px\" class=\"lazy-image\" width=\"200\" height=\"250\" \/>\t<\/div>\n\t<\/div>\n<div class=\"mariselle-column-container tile is-parent is-3 is-responsive\" style=\"--column-mobile-small: 2;--column-mobile: 2;--column-mobile-large: 2;--column-tablet: 3;\" id=\"column-4ecdlgrt\"  >\n\t\t<div class=\"mariselle-column-content tile is-child\" >\n\t\t<img data-src=\"https:\/\/nalcigroup.com\/la-creme-cakes-by-bilge-nalci\/wp-content\/uploads\/2023\/04\/18\/pasta-200x250.png\" data-srcset=\"https:\/\/nalcigroup.com\/la-creme-cakes-by-bilge-nalci\/wp-content\/uploads\/2023\/04\/18\/pasta.png?ver=366987cf9e5d4726d708ac47309ba290 512w, https:\/\/nalcigroup.com\/la-creme-cakes-by-bilge-nalci\/wp-content\/uploads\/2023\/04\/18\/pasta-297x300.png?ver=00455c50984eae8fd934b9ace51f10cb 297w\" sizes=\"(max-width: 200px) 100vw, 200px\" class=\"lazy-image\" width=\"200\" height=\"250\" \/>\t<\/div>\n\t<\/div>\n<div class=\"mariselle-column-container tile is-parent is-3 is-responsive\" style=\"--column-mobile-small: 2;--column-mobile: 2;--column-mobile-large: 2;--column-tablet: 3;\" id=\"column-4ecdlgrt\"  >\n\t\t<div class=\"mariselle-column-content tile is-child\" >\n\t\t<img data-src=\"https:\/\/nalcigroup.com\/la-creme-cakes-by-bilge-nalci\/wp-content\/uploads\/2023\/04\/18\/pasta-200x250.png\" data-srcset=\"https:\/\/nalcigroup.com\/la-creme-cakes-by-bilge-nalci\/wp-content\/uploads\/2023\/04\/18\/pasta.png?ver=366987cf9e5d4726d708ac47309ba290 512w, https:\/\/nalcigroup.com\/la-creme-cakes-by-bilge-nalci\/wp-content\/uploads\/2023\/04\/18\/pasta-297x300.png?ver=00455c50984eae8fd934b9ace51f10cb 297w\" sizes=\"(max-width: 200px) 100vw, 200px\" class=\"lazy-image\" width=\"200\" height=\"250\" \/>\t<\/div>\n\t<\/div>\n<div class=\"mariselle-column-container tile is-parent is-3 is-responsive\" style=\"--column-mobile-small: 2;--column-mobile: 2;--column-mobile-large: 2;--column-tablet: 3;\" id=\"column-4ecdlgrt\"  >\n\t\t<div class=\"mariselle-column-content tile is-child\" >\n\t\t<img data-src=\"https:\/\/nalcigroup.com\/la-creme-cakes-by-bilge-nalci\/wp-content\/uploads\/2023\/04\/18\/pasta-200x250.png\" data-srcset=\"https:\/\/nalcigroup.com\/la-creme-cakes-by-bilge-nalci\/wp-content\/uploads\/2023\/04\/18\/pasta.png?ver=366987cf9e5d4726d708ac47309ba290 512w, https:\/\/nalcigroup.com\/la-creme-cakes-by-bilge-nalci\/wp-content\/uploads\/2023\/04\/18\/pasta-297x300.png?ver=00455c50984eae8fd934b9ace51f10cb 297w\" sizes=\"(max-width: 200px) 100vw, 200px\" class=\"lazy-image\" width=\"200\" height=\"250\" \/>\t<\/div>\n\t<\/div>\n<\/div>\n\n\t<\/div>\n\t<!-- \/.container -->\n<\/section>\n\n<\/p>\n","protected":false},"excerpt":{"rendered":"<p>KIZ \u00c7OCUK ERKEK \u00c7OCUK YET\u0130\u015eK\u0130N KADIN YET\u0130\u015eK\u0130N ERKEK<\/p>\n","protected":false},"author":3,"featured_media":0,"parent":0,"menu_order":0,"comment_status":"closed","ping_status":"closed","template":"","meta":{"footnotes":""},"class_list":["post-35","page","type-page","status-publish","hentry"],"_links":{"self":[{"href":"https:\/\/nalcigroup.com\/la-creme-cakes-by-bilge-nalci\/wp-json\/wp\/v2\/pages\/35","targetHints":{"allow":["GET"]}}],"collection":[{"href":"https:\/\/nalcigroup.com\/la-creme-cakes-by-bilge-nalci\/wp-json\/wp\/v2\/pages"}],"about":[{"href":"https:\/\/nalcigroup.com\/la-creme-cakes-by-bilge-nalci\/wp-json\/wp\/v2\/types\/page"}],"author":[{"embeddable":true,"href":"https:\/\/nalcigroup.com\/la-creme-cakes-by-bilge-nalci\/wp-json\/wp\/v2\/users\/3"}],"replies":[{"embeddable":true,"href":"https:\/\/nalcigroup.com\/la-creme-cakes-by-bilge-nalci\/wp-json\/wp\/v2\/comments?post=35"}],"version-history":[{"count":25,"href":"https:\/\/nalcigroup.com\/la-creme-cakes-by-bilge-nalci\/wp-json\/wp\/v2\/pages\/35\/revisions"}],"predecessor-version":[{"id":668,"href":"https:\/\/nalcigroup.com\/la-creme-cakes-by-bilge-nalci\/wp-json\/wp\/v2\/pages\/35\/revisions\/668"}],"wp:attachment":[{"href":"https:\/\/nalcigroup.com\/la-creme-cakes-by-bilge-nalci\/wp-json\/wp\/v2\/media?parent=35"}],"curies":[{"name":"wp","href":"https:\/\/api.w.org\/{rel}","templated":true}]}}