{"id":17,"date":"2023-04-17T13:24:44","date_gmt":"2023-04-17T13:24:44","guid":{"rendered":"https:\/\/nalcigroup.com\/la-creme-cakes-by-bilge-nalci\/?page_id=17"},"modified":"2023-07-25T08:49:42","modified_gmt":"2023-07-25T08:49:42","slug":"ana-sayfa","status":"publish","type":"page","link":"https:\/\/nalcigroup.com\/la-creme-cakes-by-bilge-nalci\/","title":{"rendered":"ANA SAYFA"},"content":{"rendered":"<p>\n<section class=\"section\" id=\"section-v2tignpm\" >\n\t\t<div class=\"section__container mariselle-container\" >\n\t\t<div class=\"tile is-ancestor max-w-ancestor is-variable is-mobile\">\n    <div class=\"mariselle-column-container tile is-parent is-12 is-responsive\" id=\"column-f6nlccpt\"  >\n\t\t<div class=\"mariselle-column-content tile is-child\" >\n\t\t<div id=\"text_block-hugeYx3L\" >\n    <div class=\"text-block\" >\n\t        <\/div>\n<\/div>\t<\/div>\n\t<\/div>\n<\/div>\n\n\t<\/div>\n\t<!-- \/.container -->\n<\/section>\n\n\n<section class=\"section is-background-parallax\" id=\"section-79z5xpdg\" >\n\t\t<div class=\"section__container mariselle-container\" >\n\t\t<div class=\"tile is-ancestor max-w-ancestor is-variable is-mobile\">\n    <div class=\"mariselle-column-container tile is-parent is-3 is-responsive\" style=\"--column-mobile-small: 2;--column-order-mobile-small: 10;--column-mobile: 2;--column-order-mobile: 10;--column-mobile-large: 2;--column-order-mobile-large: 10;--column-tablet: 3;\" id=\"column-tx927sby\"  >\n\t\t<div class=\"mariselle-column-content tile is-child\" >\n\t\t<a href=\"https:\/\/nalcigroup.com\/la-creme-cakes-by-bilge-nalci\/wp-content\/uploads\/2023\/07\/21\/5-2.jpg?ver=5616b0c8bfee2e32e8ece9ea7e2740a1\" class=\"mariselle-popup-image\" ><img data-src=\"https:\/\/nalcigroup.com\/la-creme-cakes-by-bilge-nalci\/wp-content\/uploads\/2023\/07\/21\/5-2-250x300.jpg?ver=5616b0c8bfee2e32e8ece9ea7e2740a1\" sizes=\"(max-width: 250px) 100vw, 250px\" class=\"lazy-image\" width=\"250\" height=\"300\" \/><\/a>\t<\/div>\n\t<\/div>\n<div class=\"mariselle-column-container tile is-parent is-3 is-responsive\" style=\"--column-mobile-small: 2;--column-order-mobile-small: 20;--column-mobile: 2;--column-order-mobile: 20;--column-mobile-large: 2;--column-order-mobile-large: 20;--column-tablet: 3;\" id=\"column-nrtw9st6\"  >\n\t\t<div class=\"mariselle-column-content tile is-child\" >\n\t\t<a href=\"https:\/\/nalcigroup.com\/la-creme-cakes-by-bilge-nalci\/wp-content\/uploads\/2023\/07\/21\/2-2.jpg?ver=f33821a635d2327c70a5b15f2eb1c5ab\" class=\"mariselle-popup-image\" ><img data-src=\"https:\/\/nalcigroup.com\/la-creme-cakes-by-bilge-nalci\/wp-content\/uploads\/2023\/07\/21\/2-2-250x300.jpg?ver=f33821a635d2327c70a5b15f2eb1c5ab\" sizes=\"(max-width: 250px) 100vw, 250px\" class=\"lazy-image\" width=\"250\" height=\"300\" \/><\/a>\t<\/div>\n\t<\/div>\n<div class=\"mariselle-column-container tile is-parent is-3 is-responsive is-hidden-mobile-small is-hidden-mobile is-hidden-mobile-large is-hidden-tablet\" style=\"--column-mobile-small: 2;--column-order-mobile-small: 30;--column-mobile: 2;--column-order-mobile: 30;--column-mobile-large: 2;--column-order-mobile-large: 30;--column-tablet: 3;\" id=\"column-6zkqvymy\"  >\n\t\t<div class=\"mariselle-column-content tile is-child\" >\n\t\t<a href=\"https:\/\/nalcigroup.com\/la-creme-cakes-by-bilge-nalci\/wp-content\/uploads\/2023\/07\/21\/10-4.jpg?ver=90d7e4d3a704830cfc5d8ae16a6e213c\" class=\"mariselle-popup-image\" ><img data-src=\"https:\/\/nalcigroup.com\/la-creme-cakes-by-bilge-nalci\/wp-content\/uploads\/2023\/07\/21\/10-4-250x300.jpg?ver=90d7e4d3a704830cfc5d8ae16a6e213c\" sizes=\"(max-width: 250px) 100vw, 250px\" class=\"lazy-image\" width=\"250\" height=\"300\" \/><\/a>\t<\/div>\n\t<\/div>\n<div class=\"mariselle-column-container tile is-parent is-3 is-responsive is-hidden-mobile-small is-hidden-mobile is-hidden-mobile-large\" style=\"--column-order-mobile-small: 100;--column-order-mobile: 100;--column-order-mobile-large: 100;\" id=\"column-4w8rsp2j\"  >\n\t\t<div class=\"mariselle-column-content tile is-child\" >\n\t\t\t<\/div>\n\t<\/div>\n<\/div>\n\n<div class=\"tile is-ancestor max-w-ancestor is-variable is-mobile\">\n    <div class=\"mariselle-column-container tile is-parent is-2 is-responsive is-hidden-mobile-small is-hidden-mobile is-hidden-mobile-large\" style=\"--column-mobile-small: 2;--column-order-mobile-small: 111;--column-mobile: 2;--column-order-mobile: 111;--column-mobile-large: 2;--column-order-mobile-large: 111;--column-tablet: 3;\" id=\"column-do90lewn\"  >\n\t\t<div class=\"mariselle-column-content tile is-child\" >\n\t\t\t<\/div>\n\t<\/div>\n<div class=\"mariselle-column-container tile is-parent is-3 is-responsive\" style=\"--column-mobile-small: 2;--column-order-mobile-small: 40;--column-mobile: 2;--column-order-mobile: 40;--column-mobile-large: 2;--column-order-mobile-large: 40;--column-tablet: 3;\" id=\"column-c35uhnkf\"  >\n\t\t<div class=\"mariselle-column-content tile is-child\" >\n\t\t<a href=\"https:\/\/nalcigroup.com\/la-creme-cakes-by-bilge-nalci\/wp-content\/uploads\/2023\/07\/21\/12-1.jpg?ver=e4de139a22546e105e9e15b2db829270\" class=\"mariselle-popup-image\" ><img data-src=\"https:\/\/nalcigroup.com\/la-creme-cakes-by-bilge-nalci\/wp-content\/uploads\/2023\/07\/21\/12-1-250x300.jpg?ver=e4de139a22546e105e9e15b2db829270\" sizes=\"(max-width: 250px) 100vw, 250px\" class=\"lazy-image\" width=\"250\" height=\"300\" \/><\/a>\t<\/div>\n\t<\/div>\n<div class=\"mariselle-column-container tile is-parent is-3 is-responsive\" style=\"--column-mobile-small: 2;--column-mobile: 2;--column-mobile-large: 2;--column-tablet: 3;\" id=\"column-4ecdlgrt\"  >\n\t\t<div class=\"mariselle-column-content tile is-child\" >\n\t\t<a href=\"https:\/\/nalcigroup.com\/la-creme-cakes-by-bilge-nalci\/wp-content\/uploads\/2023\/07\/21\/7-1.jpg?ver=f1aea47e2baf1db8688ff7d51d1f8a5b\" class=\"mariselle-popup-image\" ><img data-src=\"https:\/\/nalcigroup.com\/la-creme-cakes-by-bilge-nalci\/wp-content\/uploads\/2023\/07\/21\/7-1-250x300.jpg?ver=f1aea47e2baf1db8688ff7d51d1f8a5b\" sizes=\"(max-width: 250px) 100vw, 250px\" class=\"lazy-image\" width=\"250\" height=\"300\" \/><\/a>\t<\/div>\n\t<\/div>\n<div class=\"mariselle-column-container tile is-parent is-4 is-responsive is-hidden-mobile-small is-hidden-mobile is-hidden-mobile-large\" style=\"--column-order-mobile-small: 222;--column-order-mobile: 222;--column-order-mobile-large: 222;\" id=\"column-76zrsl1f\"  >\n\t\t<div class=\"mariselle-column-content tile is-child\" >\n\t\t\t<\/div>\n\t<\/div>\n<\/div>\n\n<div class=\"tile is-ancestor max-w-ancestor is-variable is-mobile\">\n    <div class=\"mariselle-column-container tile is-parent is-3 is-responsive is-hidden-mobile-small is-hidden-mobile is-hidden-mobile-large\" style=\"--column-order-mobile-small: 333;--column-order-mobile: 333;--column-order-mobile-large: 333;\" id=\"column-aikqga6v\"  >\n\t\t<div class=\"mariselle-column-content tile is-child\" >\n\t\t\t<\/div>\n\t<\/div>\n<div class=\"mariselle-column-container tile is-parent is-4 is-responsive\" style=\"--column-mobile-small: 2;--column-order-mobile-small: 50;--column-mobile: 2;--column-order-mobile: 50;--column-mobile-large: 2;--column-order-mobile-large: 50;--column-tablet: 3;\" id=\"column-5bihodre\"  >\n\t\t<div class=\"mariselle-column-content tile is-child\" >\n\t\t<a href=\"https:\/\/nalcigroup.com\/la-creme-cakes-by-bilge-nalci\/wp-content\/uploads\/2023\/07\/21\/2.jpg?ver=654f1e8f5dc68e8718c1dfec80448f8b\" class=\"mariselle-popup-image\" ><img data-src=\"https:\/\/nalcigroup.com\/la-creme-cakes-by-bilge-nalci\/wp-content\/uploads\/2023\/07\/21\/2-250x300.jpg?ver=654f1e8f5dc68e8718c1dfec80448f8b\" sizes=\"(max-width: 250px) 100vw, 250px\" class=\"lazy-image\" width=\"250\" height=\"300\" \/><\/a>\t<\/div>\n\t<\/div>\n<div class=\"mariselle-column-container tile is-parent is-1 is-responsive is-hidden-mobile-small is-hidden-mobile is-hidden-mobile-large is-hidden-tablet\" style=\"--column-order-mobile-small: 444;--column-order-mobile: 444;--column-order-mobile-large: 444;\" id=\"column-3f1s9zrn\"  >\n\t\t<div class=\"mariselle-column-content tile is-child\" >\n\t\t\t<\/div>\n\t<\/div>\n<div class=\"mariselle-column-container tile is-parent is-4 is-responsive\" style=\"--column-order-mobile-small: 60;--column-order-mobile: 60;--column-order-mobile-large: 60;\" id=\"column-24ju7pk1\"  >\n\t\t<div class=\"mariselle-column-content tile is-child\" >\n\t\t<div id=\"title-caqEH8dm\" >\n\t<div class=\"text-text-variable break-words mb-4 mt-0 text-xl font-bold is-title-underline\" >\n\t\t\t\t\t<span class=\"pb-1 relative block border-b border-solid border-b-border-variable\" >\n                                <\/span>\n\t\t\t\t<\/div>\n<\/div>\n<div id=\"text_block-08A0Nnew\" >\n    <div class=\"text-block\" style=\"--color-text: #ffffff;\" >\n\t        <\/div>\n<\/div>\n\t<div class=\"fw-divider-space\"\n\t     style=\"padding-top: 20px;\"\n\t     aria-hidden=\"true\"\n\t><\/div>\n<div class=\"inline-flex transition-all ease-in-out duration-500 cursor-pointer text-text-variable hover:text-text-hover-variable bg-background-variable hover:bg-background-hover-variable p-2.5 rounded-xl text-base\" id=\"button-rUExewNf\" >\n    <a class=\"flex-1 text-text-variable hover:text-text-hover-variable\" href=\"https:\/\/nalcigroup.com\/la-creme-cakes-by-bilge-nalci\/urunler\/dogum-gunu\/\" >  <div class=\"flex-1\">\n                            Detayl\u0131 Bilgi  <\/div>\n    <\/a><\/div>\n\t<\/div>\n\t<\/div>\n<\/div>\n\n\t<\/div>\n\t<!-- \/.container -->\n<\/section>\n\n\n<section class=\"section is-background-parallax\" id=\"section-88g167jh\" >\n\t\t<div class=\"section__container mariselle-container\" >\n\t\t<div class=\"tile is-ancestor max-w-ancestor is-variable is-mobile\">\n    <div class=\"mariselle-column-container tile is-parent is-3 is-responsive\" id=\"column-p5lzgj07\"  >\n\t\t<div class=\"mariselle-column-content tile is-child\" >\n\t\t\t<\/div>\n\t<\/div>\n<div class=\"mariselle-column-container tile is-parent is-3 is-responsive\" style=\"--column-mobile-small: 2;--column-order-mobile-small: 10;--column-mobile: 2;--column-order-mobile: 10;--column-mobile-large: 2;--column-order-mobile-large: 10;--column-tablet: 3;\" id=\"column-tx927sby\"  >\n\t\t<div class=\"mariselle-column-content tile is-child\" >\n\t\t<a href=\"https:\/\/nalcigroup.com\/la-creme-cakes-by-bilge-nalci\/wp-content\/uploads\/2023\/07\/21\/1.jpeg?ver=55e6755465f022d172a5cb83c0bc02f4\" class=\"mariselle-popup-image\" ><img data-src=\"https:\/\/nalcigroup.com\/la-creme-cakes-by-bilge-nalci\/wp-content\/uploads\/2023\/07\/21\/1-250x300.jpeg?ver=55e6755465f022d172a5cb83c0bc02f4\" sizes=\"(max-width: 250px) 100vw, 250px\" class=\"lazy-image\" width=\"250\" height=\"300\" \/><\/a>\t<\/div>\n\t<\/div>\n<div class=\"mariselle-column-container tile is-parent is-3 is-responsive\" style=\"--column-mobile-small: 2;--column-order-mobile-small: 20;--column-mobile: 2;--column-order-mobile: 20;--column-mobile-large: 2;--column-order-mobile-large: 20;--column-tablet: 3;\" id=\"column-nrtw9st6\"  >\n\t\t<div class=\"mariselle-column-content tile is-child\" >\n\t\t<a href=\"https:\/\/nalcigroup.com\/la-creme-cakes-by-bilge-nalci\/wp-content\/uploads\/2023\/07\/21\/2.jpeg?ver=7b6363f96774c78d0ad27bb70ed7c226\" class=\"mariselle-popup-image\" ><img data-src=\"https:\/\/nalcigroup.com\/la-creme-cakes-by-bilge-nalci\/wp-content\/uploads\/2023\/07\/21\/2-250x300.jpeg?ver=7b6363f96774c78d0ad27bb70ed7c226\" sizes=\"(max-width: 250px) 100vw, 250px\" class=\"lazy-image\" width=\"250\" height=\"300\" \/><\/a>\t<\/div>\n\t<\/div>\n<div class=\"mariselle-column-container tile is-parent is-3 is-responsive is-hidden-mobile-small is-hidden-mobile is-hidden-mobile-large is-hidden-tablet\" style=\"--column-mobile-small: 2;--column-order-mobile-small: 30;--column-mobile: 2;--column-order-mobile: 30;--column-mobile-large: 2;--column-order-mobile-large: 30;--column-tablet: 3;--column-small-desktop: 2;\" id=\"column-6zkqvymy\"  >\n\t\t<div class=\"mariselle-column-content tile is-child\" >\n\t\t<a href=\"https:\/\/nalcigroup.com\/la-creme-cakes-by-bilge-nalci\/wp-content\/uploads\/2023\/07\/21\/5.jpeg?ver=586aa6182251fe9b92fec00518db5ade\" class=\"mariselle-popup-image\" ><img data-src=\"https:\/\/nalcigroup.com\/la-creme-cakes-by-bilge-nalci\/wp-content\/uploads\/2023\/07\/21\/5-250x300.jpeg?ver=586aa6182251fe9b92fec00518db5ade\" sizes=\"(max-width: 250px) 100vw, 250px\" class=\"lazy-image\" width=\"250\" height=\"300\" \/><\/a>\t<\/div>\n\t<\/div>\n<\/div>\n\n<div class=\"tile is-ancestor max-w-ancestor is-variable is-mobile\">\n    <div class=\"mariselle-column-container tile is-parent is-4 is-responsive\" id=\"column-e2vwvots\"  >\n\t\t<div class=\"mariselle-column-content tile is-child\" >\n\t\t\t<\/div>\n\t<\/div>\n<div class=\"mariselle-column-container tile is-parent is-3 is-responsive\" style=\"--column-mobile-small: 2;--column-order-mobile-small: 40;--column-mobile: 2;--column-order-mobile: 40;--column-mobile-large: 2;--column-order-mobile-large: 40;--column-tablet: 3;--column-small-desktop: 2;\" id=\"column-c35uhnkf\"  >\n\t\t<div class=\"mariselle-column-content tile is-child\" >\n\t\t<a href=\"https:\/\/nalcigroup.com\/la-creme-cakes-by-bilge-nalci\/wp-content\/uploads\/2023\/07\/21\/3.jpeg?ver=2b8965b6a8975317186caa53f5855991\" class=\"mariselle-popup-image\" ><img data-src=\"https:\/\/nalcigroup.com\/la-creme-cakes-by-bilge-nalci\/wp-content\/uploads\/2023\/07\/21\/3-250x300.jpeg?ver=2b8965b6a8975317186caa53f5855991\" sizes=\"(max-width: 250px) 100vw, 250px\" class=\"lazy-image\" width=\"250\" height=\"300\" \/><\/a>\t<\/div>\n\t<\/div>\n<div class=\"mariselle-column-container tile is-parent is-3 is-responsive\" style=\"--column-mobile-small: 2;--column-mobile: 2;--column-mobile-large: 2;--column-tablet: 3;--column-small-desktop: 2;\" id=\"column-4ecdlgrt\"  >\n\t\t<div class=\"mariselle-column-content tile is-child\" >\n\t\t<a href=\"https:\/\/nalcigroup.com\/la-creme-cakes-by-bilge-nalci\/wp-content\/uploads\/2023\/07\/21\/6.jpeg?ver=960f47ac8762ae93cab8924dfb6425ba\" class=\"mariselle-popup-image\" ><img data-src=\"https:\/\/nalcigroup.com\/la-creme-cakes-by-bilge-nalci\/wp-content\/uploads\/2023\/07\/21\/6-250x300.jpeg?ver=960f47ac8762ae93cab8924dfb6425ba\" sizes=\"(max-width: 250px) 100vw, 250px\" class=\"lazy-image\" width=\"250\" height=\"300\" \/><\/a>\t<\/div>\n\t<\/div>\n<div class=\"mariselle-column-container tile is-parent is-2 is-responsive\" id=\"column-03ju1s4k\"  >\n\t\t<div class=\"mariselle-column-content tile is-child\" >\n\t\t\t<\/div>\n\t<\/div>\n<\/div>\n\n<div class=\"tile is-ancestor max-w-ancestor is-variable is-mobile\">\n    <div class=\"mariselle-column-container tile is-parent is-4 is-responsive\" style=\"--column-order-mobile-small: 70;--column-order-mobile: 70;--column-order-mobile-large: 70;\" id=\"column-2l0clrop\"  >\n\t\t<div class=\"mariselle-column-content tile is-child\" >\n\t\t<div id=\"title-RtJSeHj5\" >\n\t<div class=\"text-text-variable break-words mb-4 mt-0 text-xl font-bold is-title-underline\" >\n\t\t\t\t\t<span class=\"pb-1 relative block border-b border-solid border-b-border-variable\" >\n                                <\/span>\n\t\t\t\t<\/div>\n<\/div>\n<div id=\"text_block-08A0Nnew\" >\n    <div class=\"text-block\" style=\"--color-text: #ff266a;\" >\n\t        <\/div>\n<\/div>\n\t<div class=\"fw-divider-space\"\n\t     style=\"padding-top: 20px;\"\n\t     aria-hidden=\"true\"\n\t><\/div>\n<div class=\"inline-flex transition-all ease-in-out duration-500 cursor-pointer text-text-variable hover:text-text-hover-variable bg-background-variable hover:bg-background-hover-variable p-2.5 rounded-xl text-base\" id=\"button-rUExewNf\" >\n    <a class=\"flex-1 text-text-variable hover:text-text-hover-variable\" href=\"https:\/\/nalcigroup.com\/la-creme-cakes-by-bilge-nalci\/urunler\/dugun-ve-etkinlik\/\" >  <div class=\"flex-1\">\n                            Detayl\u0131 Bilgi  <\/div>\n    <\/a><\/div>\n\t<\/div>\n\t<\/div>\n<div class=\"mariselle-column-container tile is-parent is-1 is-responsive\" id=\"column-7r57c70u\"  >\n\t\t<div class=\"mariselle-column-content tile is-child\" >\n\t\t\t<\/div>\n\t<\/div>\n<div class=\"mariselle-column-container tile is-parent is-4 is-responsive\" style=\"--column-mobile-small: 2;--column-order-mobile-small: 50;--column-mobile: 2;--column-order-mobile: 50;--column-mobile-large: 2;--column-order-mobile-large: 50;--column-tablet: 3;\" id=\"column-5bihodre\"  >\n\t\t<div class=\"mariselle-column-content tile is-child\" >\n\t\t<a href=\"https:\/\/nalcigroup.com\/la-creme-cakes-by-bilge-nalci\/wp-content\/uploads\/2023\/07\/21\/8.jpeg?ver=c6bdeff58a113478df64596618594b4e\" class=\"mariselle-popup-image\" ><img data-src=\"https:\/\/nalcigroup.com\/la-creme-cakes-by-bilge-nalci\/wp-content\/uploads\/2023\/07\/21\/8-250x300.jpeg?ver=c6bdeff58a113478df64596618594b4e\" sizes=\"(max-width: 250px) 100vw, 250px\" class=\"lazy-image\" width=\"250\" height=\"300\" \/><\/a>\t<\/div>\n\t<\/div>\n<div class=\"mariselle-column-container tile is-parent is-3 is-responsive\" id=\"column-jq2qofdl\"  >\n\t\t<div class=\"mariselle-column-content tile is-child\" >\n\t\t\t<\/div>\n\t<\/div>\n<\/div>\n\n\t<\/div>\n\t<!-- \/.container -->\n<\/section>\n\n\n<section class=\"section is-background-parallax\" id=\"section-79z5xpdg\" >\n\t\t<div class=\"section__container mariselle-container\" >\n\t\t<div class=\"tile is-ancestor max-w-ancestor is-variable is-mobile\">\n    <div class=\"mariselle-column-container tile is-parent is-3 is-responsive\" style=\"--column-mobile-small: 2;--column-order-mobile-small: 10;--column-mobile: 2;--column-order-mobile: 10;--column-mobile-large: 2;--column-order-mobile-large: 10;--column-tablet: 3;\" id=\"column-tx927sby\"  >\n\t\t<div class=\"mariselle-column-content tile is-child\" >\n\t\t<a href=\"https:\/\/nalcigroup.com\/la-creme-cakes-by-bilge-nalci\/wp-content\/uploads\/2023\/07\/21\/9-6.jpg?ver=14ef458980613a141687d844eb336b1d\" class=\"mariselle-popup-image\" ><img data-src=\"https:\/\/nalcigroup.com\/la-creme-cakes-by-bilge-nalci\/wp-content\/uploads\/2023\/07\/21\/9-6-250x300.jpg?ver=14ef458980613a141687d844eb336b1d\" sizes=\"(max-width: 250px) 100vw, 250px\" class=\"lazy-image\" width=\"250\" height=\"300\" \/><\/a>\t<\/div>\n\t<\/div>\n<div class=\"mariselle-column-container tile is-parent is-3 is-responsive\" style=\"--column-mobile-small: 2;--column-order-mobile-small: 20;--column-mobile: 2;--column-order-mobile: 20;--column-mobile-large: 2;--column-order-mobile-large: 20;--column-tablet: 3;\" id=\"column-tx927sby\"  >\n\t\t<div class=\"mariselle-column-content tile is-child\" >\n\t\t<a href=\"https:\/\/nalcigroup.com\/la-creme-cakes-by-bilge-nalci\/wp-content\/uploads\/2023\/07\/21\/8-5.jpg?ver=2166b1ca927d863504e8636dbbcc5204\" class=\"mariselle-popup-image\" ><img data-src=\"https:\/\/nalcigroup.com\/la-creme-cakes-by-bilge-nalci\/wp-content\/uploads\/2023\/07\/21\/8-5-250x300.jpg?ver=2166b1ca927d863504e8636dbbcc5204\" sizes=\"(max-width: 250px) 100vw, 250px\" class=\"lazy-image\" width=\"250\" height=\"300\" \/><\/a>\t<\/div>\n\t<\/div>\n<div class=\"mariselle-column-container tile is-parent is-3 is-responsive\" style=\"--column-mobile-small: 2;--column-order-mobile-small: 30;--column-mobile: 2;--column-order-mobile: 30;--column-mobile-large: 2;--column-order-mobile-large: 30;--column-tablet: 3;\" id=\"column-tx927sby\"  >\n\t\t<div class=\"mariselle-column-content tile is-child\" >\n\t\t<a href=\"https:\/\/nalcigroup.com\/la-creme-cakes-by-bilge-nalci\/wp-content\/uploads\/2023\/07\/21\/12-5.jpg?ver=a2d98c225537f348061d5d37d8b591c5\" class=\"mariselle-popup-image\" ><img data-src=\"https:\/\/nalcigroup.com\/la-creme-cakes-by-bilge-nalci\/wp-content\/uploads\/2023\/07\/21\/12-5-250x300.jpg?ver=a2d98c225537f348061d5d37d8b591c5\" sizes=\"(max-width: 250px) 100vw, 250px\" class=\"lazy-image\" width=\"250\" height=\"300\" \/><\/a>\t<\/div>\n\t<\/div>\n<div class=\"mariselle-column-container tile is-parent is-3 is-responsive is-hidden-mobile-small is-hidden-mobile is-hidden-mobile-large\" style=\"--column-order-mobile-small: 100;--column-order-mobile: 100;--column-order-mobile-large: 100;\" id=\"column-4w8rsp2j\"  >\n\t\t<div class=\"mariselle-column-content tile is-child\" >\n\t\t\t<\/div>\n\t<\/div>\n<\/div>\n\n<div class=\"tile is-ancestor max-w-ancestor is-variable is-mobile\">\n    <div class=\"mariselle-column-container tile is-parent is-2 is-responsive is-hidden-mobile-small is-hidden-mobile is-hidden-mobile-large\" style=\"--column-mobile-small: 2;--column-order-mobile-small: 111;--column-mobile: 2;--column-order-mobile: 111;--column-mobile-large: 2;--column-order-mobile-large: 111;--column-tablet: 3;\" id=\"column-do90lewn\"  >\n\t\t<div class=\"mariselle-column-content tile is-child\" >\n\t\t\t<\/div>\n\t<\/div>\n<div class=\"mariselle-column-container tile is-parent is-3 is-responsive\" style=\"--column-mobile-small: 2;--column-order-mobile-small: 40;--column-mobile: 2;--column-order-mobile: 40;--column-mobile-large: 2;--column-order-mobile-large: 40;--column-tablet: 3;\" id=\"column-c35uhnkf\"  >\n\t\t<div class=\"mariselle-column-content tile is-child\" >\n\t\t<a href=\"https:\/\/nalcigroup.com\/la-creme-cakes-by-bilge-nalci\/wp-content\/uploads\/2023\/07\/21\/6-4.jpg?ver=7919af94553d706af1dd933b37e6d511\" class=\"mariselle-popup-image\" ><img data-src=\"https:\/\/nalcigroup.com\/la-creme-cakes-by-bilge-nalci\/wp-content\/uploads\/2023\/07\/21\/6-4-250x300.jpg?ver=7919af94553d706af1dd933b37e6d511\" sizes=\"(max-width: 250px) 100vw, 250px\" class=\"lazy-image\" width=\"250\" height=\"300\" \/><\/a>\t<\/div>\n\t<\/div>\n<div class=\"mariselle-column-container tile is-parent is-3 is-responsive\" style=\"--column-mobile-small: 2;--column-order-mobile-small: 40;--column-mobile: 2;--column-order-mobile: 40;--column-mobile-large: 2;--column-order-mobile-large: 40;--column-tablet: 3;\" id=\"column-c35uhnkf\"  >\n\t\t<div class=\"mariselle-column-content tile is-child\" >\n\t\t<a href=\"https:\/\/nalcigroup.com\/la-creme-cakes-by-bilge-nalci\/wp-content\/uploads\/2023\/07\/21\/5-4.jpg?ver=9f95bf5752096ab48498ec264cbefbcf\" class=\"mariselle-popup-image\" ><img data-src=\"https:\/\/nalcigroup.com\/la-creme-cakes-by-bilge-nalci\/wp-content\/uploads\/2023\/07\/21\/5-4-250x300.jpg?ver=9f95bf5752096ab48498ec264cbefbcf\" sizes=\"(max-width: 250px) 100vw, 250px\" class=\"lazy-image\" width=\"250\" height=\"300\" \/><\/a>\t<\/div>\n\t<\/div>\n<div class=\"mariselle-column-container tile is-parent is-4 is-responsive is-hidden-mobile-small is-hidden-mobile is-hidden-mobile-large\" style=\"--column-order-mobile-small: 222;--column-order-mobile: 222;--column-order-mobile-large: 222;\" id=\"column-76zrsl1f\"  >\n\t\t<div class=\"mariselle-column-content tile is-child\" >\n\t\t\t<\/div>\n\t<\/div>\n<\/div>\n\n<div class=\"tile is-ancestor max-w-ancestor is-variable is-mobile\">\n    <div class=\"mariselle-column-container tile is-parent is-3 is-responsive is-hidden-mobile-small is-hidden-mobile is-hidden-mobile-large\" style=\"--column-order-mobile-small: 333;--column-order-mobile: 333;--column-order-mobile-large: 333;\" id=\"column-aikqga6v\"  >\n\t\t<div class=\"mariselle-column-content tile is-child\" >\n\t\t\t<\/div>\n\t<\/div>\n<div class=\"mariselle-column-container tile is-parent is-4 is-responsive\" style=\"--column-mobile-small: 2;--column-order-mobile-small: 50;--column-mobile: 2;--column-order-mobile: 50;--column-mobile-large: 2;--column-order-mobile-large: 50;--column-tablet: 3;\" id=\"column-5bihodre\"  >\n\t\t<div class=\"mariselle-column-content tile is-child\" >\n\t\t<a href=\"https:\/\/nalcigroup.com\/la-creme-cakes-by-bilge-nalci\/wp-content\/uploads\/2023\/07\/21\/8-4.jpg?ver=fe292c0f378f9d643173ab5b61560e73\" class=\"mariselle-popup-image\" ><img data-src=\"https:\/\/nalcigroup.com\/la-creme-cakes-by-bilge-nalci\/wp-content\/uploads\/2023\/07\/21\/8-4-250x300.jpg?ver=fe292c0f378f9d643173ab5b61560e73\" sizes=\"(max-width: 250px) 100vw, 250px\" class=\"lazy-image\" width=\"250\" height=\"300\" \/><\/a>\t<\/div>\n\t<\/div>\n<div class=\"mariselle-column-container tile is-parent is-1 is-responsive is-hidden-mobile-small is-hidden-mobile is-hidden-mobile-large is-hidden-tablet\" style=\"--column-order-mobile-small: 444;--column-order-mobile: 444;--column-order-mobile-large: 444;\" id=\"column-3f1s9zrn\"  >\n\t\t<div class=\"mariselle-column-content tile is-child\" >\n\t\t\t<\/div>\n\t<\/div>\n<div class=\"mariselle-column-container tile is-parent is-4 is-responsive\" style=\"--column-order-mobile-small: 60;--column-order-mobile: 60;--column-order-mobile-large: 60;\" id=\"column-24ju7pk1\"  >\n\t\t<div class=\"mariselle-column-content tile is-child\" >\n\t\t<div id=\"title-caqEH8dm\" >\n\t<div class=\"text-text-variable break-words mb-4 mt-0 text-xl font-bold is-title-underline\" >\n\t\t\t\t\t<span class=\"pb-1 relative block border-b border-solid border-b-border-variable\" >\n                                <\/span>\n\t\t\t\t<\/div>\n<\/div>\n<div id=\"text_block-08A0Nnew\" >\n    <div class=\"text-block\" style=\"--color-text: #ffffff;\" >\n\t        <\/div>\n<\/div>\n\t<div class=\"fw-divider-space\"\n\t     style=\"padding-top: 20px;\"\n\t     aria-hidden=\"true\"\n\t><\/div>\n<div class=\"inline-flex transition-all ease-in-out duration-500 cursor-pointer text-text-variable hover:text-text-hover-variable bg-background-variable hover:bg-background-hover-variable p-2.5 rounded-xl text-base\" id=\"button-rUExewNf\" >\n    <a class=\"flex-1 text-text-variable hover:text-text-hover-variable\" href=\"https:\/\/nalcigroup.com\/la-creme-cakes-by-bilge-nalci\/urunler\/minik-lezzetler\/\" >  <div class=\"flex-1\">\n                            Detayl\u0131 Bilgi  <\/div>\n    <\/a><\/div>\n\t<\/div>\n\t<\/div>\n<\/div>\n\n\t<\/div>\n\t<!-- \/.container -->\n<\/section>\n\n<\/p>\n","protected":false},"excerpt":{"rendered":"<p>Detayl\u0131 Bilgi Detayl\u0131 Bilgi Detayl\u0131 Bilgi<\/p>\n","protected":false},"author":3,"featured_media":0,"parent":0,"menu_order":0,"comment_status":"closed","ping_status":"closed","template":"","meta":{"footnotes":""},"class_list":["post-17","page","type-page","status-publish","hentry"],"_links":{"self":[{"href":"https:\/\/nalcigroup.com\/la-creme-cakes-by-bilge-nalci\/wp-json\/wp\/v2\/pages\/17","targetHints":{"allow":["GET"]}}],"collection":[{"href":"https:\/\/nalcigroup.com\/la-creme-cakes-by-bilge-nalci\/wp-json\/wp\/v2\/pages"}],"about":[{"href":"https:\/\/nalcigroup.com\/la-creme-cakes-by-bilge-nalci\/wp-json\/wp\/v2\/types\/page"}],"author":[{"embeddable":true,"href":"https:\/\/nalcigroup.com\/la-creme-cakes-by-bilge-nalci\/wp-json\/wp\/v2\/users\/3"}],"replies":[{"embeddable":true,"href":"https:\/\/nalcigroup.com\/la-creme-cakes-by-bilge-nalci\/wp-json\/wp\/v2\/comments?post=17"}],"version-history":[{"count":122,"href":"https:\/\/nalcigroup.com\/la-creme-cakes-by-bilge-nalci\/wp-json\/wp\/v2\/pages\/17\/revisions"}],"predecessor-version":[{"id":1409,"href":"https:\/\/nalcigroup.com\/la-creme-cakes-by-bilge-nalci\/wp-json\/wp\/v2\/pages\/17\/revisions\/1409"}],"wp:attachment":[{"href":"https:\/\/nalcigroup.com\/la-creme-cakes-by-bilge-nalci\/wp-json\/wp\/v2\/media?parent=17"}],"curies":[{"name":"wp","href":"https:\/\/api.w.org\/{rel}","templated":true}]}}