{"id":1238,"date":"2023-07-21T11:59:36","date_gmt":"2023-07-21T11:59:36","guid":{"rendered":"https:\/\/nalcigroup.com\/la-creme-cakes-by-bilge-nalci\/?page_id=1238"},"modified":"2023-07-21T12:00:18","modified_gmt":"2023-07-21T12:00:18","slug":"yetiskin-erkek","status":"publish","type":"page","link":"https:\/\/nalcigroup.com\/la-creme-cakes-by-bilge-nalci\/urunler\/dogum-gunu\/yetiskin-erkek\/","title":{"rendered":"YET\u0130\u015eK\u0130N ERKEK"},"content":{"rendered":"<p>\n<section class=\"section\" id=\"section-zr4d486s\" >\n\t\t<div class=\"section__container mariselle-container\" >\n\t\t<div class=\"tile is-ancestor max-w-ancestor is-variable is-mobile\">\n    <div class=\"mariselle-column-container tile is-parent is-12 is-responsive\" id=\"column-dfe8o217\"  >\n\t\t<div class=\"mariselle-column-content tile is-child\" >\n\t\t<div style=\"--grid-column: 6;\" class=\"mariselle-source mariselle-popup-gallery is-grid\" id=\"source-7Ufb31DA\" >\n    \n<div class=\"is-full-height\" >\n                    <div class=\"mariselle-source__list is-item_3 is-full-height\">\n            <a style=\"--color-custom-text: #ffffff;--color-custom-text-hover: #ffffff;--color-title-text-current: #ffffff;--color-title-background-current: #0a0a0a;--color-custom-background: #917b49;--color-custom-background-hover: #ff266a;--color-border: #e5e5e5;\" class=\"is-custom-colors mariselle-source__list-item\" href=\"https:\/\/nalcigroup.com\/la-creme-cakes-by-bilge-nalci\/urunler\/dogum-gunu\/kiz-cocuk\/\" >\n    KIZ \u00c7OCUK<\/a>\n        <\/div>\n        <!-- \/.source is-list-item-2 -->\n    <\/div>\n\n<div class=\"is-full-height\" >\n                    <div class=\"mariselle-source__list is-item_3 is-full-height\">\n            <a style=\"--color-custom-text: #ffffff;--color-custom-text-hover: #ffffff;--color-title-text-current: #ffffff;--color-title-background-current: #0a0a0a;--color-custom-background: #917b49;--color-custom-background-hover: #ff266a;--color-border: #e5e5e5;\" class=\"is-custom-colors mariselle-source__list-item\" href=\"https:\/\/nalcigroup.com\/la-creme-cakes-by-bilge-nalci\/urunler\/dogum-gunu\/erkek-cocuk\/\" >\n    ERKEK \u00c7OCUK<\/a>\n        <\/div>\n        <!-- \/.source is-list-item-2 -->\n    <\/div>\n\n<div class=\"is-full-height\" >\n                    <div class=\"mariselle-source__list is-item_3 is-full-height\">\n            <a style=\"--color-custom-text: #ffffff;--color-custom-text-hover: #ffffff;--color-title-text-current: #ffffff;--color-title-background-current: #0a0a0a;--color-custom-background: #917b49;--color-custom-background-hover: #ff266a;--color-border: #e5e5e5;\" class=\"is-custom-colors mariselle-source__list-item\" href=\"https:\/\/nalcigroup.com\/la-creme-cakes-by-bilge-nalci\/urunler\/dogum-gunu\/yetiskin-kadin\/\" >\n    YET\u0130\u015eK\u0130N KADIN<\/a>\n        <\/div>\n        <!-- \/.source is-list-item-2 -->\n    <\/div>\n\n<div class=\"is-full-height\" >\n                    <div class=\"mariselle-source__list is-item_3 is-full-height\">\n            <a style=\"--color-custom-text: #ffffff;--color-custom-text-hover: #ffffff;--color-title-text-current: #ffffff;--color-title-background-current: #0a0a0a;--color-custom-background: #917b49;--color-custom-background-hover: #ff266a;--color-border: #e5e5e5;\" class=\"is-custom-colors mariselle-source__list-item is-current\" href=\"https:\/\/nalcigroup.com\/la-creme-cakes-by-bilge-nalci\/urunler\/dogum-gunu\/yetiskin-erkek\/\" >\n    YET\u0130\u015eK\u0130N ERKEK<\/a>\n        <\/div>\n        <!-- \/.source is-list-item-2 -->\n    <\/div>\n<\/div>\n<!--\/. mariselle-source..mariselle-popup-gallery.is-grid -->\n\t<\/div>\n\t<\/div>\n<\/div>\n\n\t<\/div>\n\t<!-- \/.container -->\n<\/section>\n\n\n<section class=\"section is-hidden-small-desktop is-hidden-desktop is-hidden-desktop-large\" id=\"section-5j8977h1\" >\n\t\t<div class=\"section__container\" >\n\t\t<div class=\"tile is-ancestor max-w-ancestor is-variable is-mobile\">\n    <div class=\"mariselle-column-container tile is-parent is-12 is-responsive\" id=\"column-zl0fv2i9\"  >\n\t\t<div class=\"mariselle-column-content tile is-child\" >\n\t\t<div id=\"title-Xf9J5Ny5\" >\n\t<div class=\"text-text-variable break-words mb-4 mt-0 text-2xl font-bold text-center\" >\n\t\t\t\t\t<span class=\"pb-1 relative\" >\n                                <\/span>\n\t\t\t\t<\/div>\n<\/div>\n\t<\/div>\n\t<\/div>\n<\/div>\n\n\t<\/div>\n\t<!-- \/.container -->\n<\/section>\n\n\n<section class=\"section\" id=\"section-79z5xpdg\" >\n\t\t<div class=\"section__container mariselle-container\" >\n\t\t<div class=\"tile is-ancestor max-w-ancestor is-variable is-mobile\">\n    <div class=\"mariselle-column-container tile is-parent is-12 is-responsive\" id=\"column-y9l4b3cf\"  >\n\t\t<div class=\"mariselle-column-content tile is-child\" >\n\t\t<div id=\"text_block-GjKqTdiR\" >\n    <div class=\"text-block\" >\n\t        <\/div>\n<\/div>\t<\/div>\n\t<\/div>\n<\/div>\n\n\t<\/div>\n\t<!-- \/.container -->\n<\/section>\n\n<\/p>\n","protected":false},"excerpt":{"rendered":"<p>KIZ \u00c7OCUK ERKEK \u00c7OCUK YET\u0130\u015eK\u0130N KADIN YET\u0130\u015eK\u0130N ERKEK<\/p>\n","protected":false},"author":5,"featured_media":0,"parent":678,"menu_order":0,"comment_status":"closed","ping_status":"closed","template":"","meta":{"footnotes":""},"class_list":["post-1238","page","type-page","status-publish","hentry"],"_links":{"self":[{"href":"https:\/\/nalcigroup.com\/la-creme-cakes-by-bilge-nalci\/wp-json\/wp\/v2\/pages\/1238","targetHints":{"allow":["GET"]}}],"collection":[{"href":"https:\/\/nalcigroup.com\/la-creme-cakes-by-bilge-nalci\/wp-json\/wp\/v2\/pages"}],"about":[{"href":"https:\/\/nalcigroup.com\/la-creme-cakes-by-bilge-nalci\/wp-json\/wp\/v2\/types\/page"}],"author":[{"embeddable":true,"href":"https:\/\/nalcigroup.com\/la-creme-cakes-by-bilge-nalci\/wp-json\/wp\/v2\/users\/5"}],"replies":[{"embeddable":true,"href":"https:\/\/nalcigroup.com\/la-creme-cakes-by-bilge-nalci\/wp-json\/wp\/v2\/comments?post=1238"}],"version-history":[{"count":2,"href":"https:\/\/nalcigroup.com\/la-creme-cakes-by-bilge-nalci\/wp-json\/wp\/v2\/pages\/1238\/revisions"}],"predecessor-version":[{"id":1242,"href":"https:\/\/nalcigroup.com\/la-creme-cakes-by-bilge-nalci\/wp-json\/wp\/v2\/pages\/1238\/revisions\/1242"}],"up":[{"embeddable":true,"href":"https:\/\/nalcigroup.com\/la-creme-cakes-by-bilge-nalci\/wp-json\/wp\/v2\/pages\/678"}],"wp:attachment":[{"href":"https:\/\/nalcigroup.com\/la-creme-cakes-by-bilge-nalci\/wp-json\/wp\/v2\/media?parent=1238"}],"curies":[{"name":"wp","href":"https:\/\/api.w.org\/{rel}","templated":true}]}}